{"id":2832,"date":"2023-10-23T05:15:42","date_gmt":"2023-10-23T05:15:42","guid":{"rendered":"https:\/\/maxcellence.swiss\/?page_id=2832"},"modified":"2024-04-25T12:02:15","modified_gmt":"2024-04-25T12:02:15","slug":"privacy-policy-2","status":"publish","type":"page","link":"https:\/\/maxcellence.swiss\/?page_id=2832&lang=de","title":{"rendered":"Privacy Policy"},"content":{"rendered":"\t\t<div data-elementor-type=\"wp-page\" data-elementor-id=\"2832\" class=\"elementor elementor-2832\" data-elementor-post-type=\"page\">\n\t\t\t\t<div class=\"elementor-element elementor-element-21635c2 e-flex e-con-boxed e-con e-parent\" data-id=\"21635c2\" data-element_type=\"container\" data-e-type=\"container\" data-settings=\"{&quot;background_background&quot;:&quot;classic&quot;}\">\n\t\t\t\t\t<div class=\"e-con-inner\">\n\t\t\t\t<div class=\"elementor-element elementor-element-ffd0136 elementor-widget elementor-widget-heading\" data-id=\"ffd0136\" data-element_type=\"widget\" data-e-type=\"widget\" data-widget_type=\"heading.default\">\n\t\t\t\t<div class=\"elementor-widget-container\">\n\t\t\t\t\t<h2 class=\"elementor-heading-title elementor-size-default\">Datenschutzrichtlinie<\/h2>\t\t\t\t<\/div>\n\t\t\t\t<\/div>\n\t\t\t\t\t<\/div>\n\t\t\t\t<\/div>\n\t\t<div class=\"elementor-element elementor-element-dc445e0 e-flex e-con-boxed e-con e-parent\" data-id=\"dc445e0\" data-element_type=\"container\" data-e-type=\"container\">\n\t\t\t\t\t<div class=\"e-con-inner\">\n\t\t\t\t<div class=\"elementor-element elementor-element-01376bf elementor-widget elementor-widget-text-editor\" data-id=\"01376bf\" data-element_type=\"widget\" data-e-type=\"widget\" data-widget_type=\"text-editor.default\">\n\t\t\t\t<div class=\"elementor-widget-container\">\n\t\t\t\t\t\t\t\t\t<p>Vielen Dank f\u00fcr Ihren Besuch auf unserer Website.\u00a0<strong><b>Die MAXCELLENCE\u00a0<\/b>\u00a0<\/strong><b><strong>Security Strategies GmbH<\/strong><\/b>\u00a0\u00a0verpflichtet sich, Ihre Privatsph\u00e4re zu sch\u00fctzen und zu respektieren.\u00a0In unserer Datenschutzrichtlinie wird erl\u00e4utert, wie die von Ihnen erfassten oder an\u00a0\u00a0<b><strong>MAXCELLENCE<\/strong><\/b>\u00a0\u00fcbermittelten personenbezogenen Daten von uns verarbeitet werden.<\/p><p>Bitte lesen Sie das Folgende sorgf\u00e4ltig durch, um unsere Vorgehensweise in Bezug auf Ihre personenbezogenen Daten und den Umgang mit diesen zu verstehen.<\/p><p><b><strong>Gesammelte Informationen<\/strong><\/b><\/p><p><b><\/b>Wir k\u00f6nnen die folgenden Daten \u00fcber Sie erheben und verarbeiten:<\/p><ul><li>Informationen, die Sie durch das Ausf\u00fcllen von Formularen auf dieser Website bereitstellen, einschlie\u00dflich der Informationen, die Sie zum Zeitpunkt des Abonnements unseres Dienstes, der Ver\u00f6ffentlichung von Material oder der Anforderung weiterer Dienste bereitstellen.\u00a0Wir k\u00f6nnen Sie auch um Informationen bitten, wenn Sie ein Problem mit unserer Website melden.<\/li><li>Wenn Sie mit uns Kontakt aufnehmen, k\u00f6nnen wir diese Korrespondenz protokollieren.<\/li><li>Details zu Ihren Besuchen auf unserer Website, einschlie\u00dflich, aber nicht beschr\u00e4nkt auf Verkehrsdaten, Standortdaten, Weblogs und andere Kommunikationsdaten.<\/li><li>Wenn Sie einen Lebenslauf\/Lebenslauf und eine Bewerbung zur Pr\u00fcfung einreichen, behalten wir uns das Recht vor, diese Datendatei f\u00fcr einen angemessenen Zeitraum aufzubewahren.<\/li><\/ul><p><b><strong>IP-Adressen<\/strong><\/b><\/p><p>F\u00fcr die Systemadministration erfassen wir m\u00f6glicherweise Informationen \u00fcber Ihren Computer, einschlie\u00dflich (sofern verf\u00fcgbar) Ihrer IP-Adresse, Ihres Betriebssystems und Ihres Browsertyps.\u00a0Hierbei handelt es sich um statistische Daten \u00fcber die Browsing-Aktionen und -Muster unserer Nutzer, die keine R\u00fcckschl\u00fcsse auf einzelne Personen zulassen.<\/p><p><b><strong>MAXCELLENCE<\/strong><\/b>\u00a0\u00a0verwendet keine Cookies.<\/p><p><b><strong>Informationsnutzung<\/strong><\/b><\/p><p>Wir nutzen Ihre Informationen auf folgende Weise:<\/p><ul><li>Um sicherzustellen, dass die Inhalte unserer Website f\u00fcr Sie und Ihren Computer so effektiv wie m\u00f6glich dargestellt werden.<\/li><li>Um Ihnen Informationen, Produkte oder Dienstleistungen bereitzustellen, die Sie von uns anfordern oder von denen wir glauben, dass sie f\u00fcr Sie von Interesse sein k\u00f6nnten, sofern Sie der Kontaktaufnahme zu diesem Zweck zugestimmt haben.<\/li><li>Zur Erf\u00fcllung unserer Verpflichtungen aus allen zwischen Ihnen und uns geschlossenen Vertr\u00e4gen.<\/li><li>Um Sie \u00fcber \u00c4nderungen an unserem Service zu informieren.<\/li><\/ul><p>Wir geben keine Informationen \u00fcber identifizierbare Personen weiter.<\/p><p><b><strong>Offenlegung von Informationen<\/strong><\/b><\/p><p>Wir k\u00f6nnen Ihre personenbezogenen Daten an Mitarbeiter von\u00a0\u00a0<b><strong>MAXCELLENCE<\/strong><\/b>\u00a0weitergeben .<\/p><p>Wir k\u00f6nnen Ihre pers\u00f6nlichen Daten an Dritte weitergeben:<\/p><p>Wenn\u00a0\u00a0<b><strong>MAXCELLENCE<\/strong><\/b>\u00a0\u00a0gesetzlich verpflichtet ist, Ihre personenbezogenen Daten offenzulegen oder weiterzugeben, oder um unsere Nutzungsbedingungen und andere Vereinbarungen durchzusetzen oder anzuwenden;\u00a0oder um die Rechte, das Eigentum oder die Sicherheit von\u00a0\u00a0<b><strong>MAXCELLENCE<\/strong><\/b>\u00a0, unseren Partnern oder anderen zu sch\u00fctzen.\u00a0Dazu geh\u00f6rt der Austausch von Informationen mit anderen Unternehmen und Organisationen zum Zwecke der Betrugspr\u00e4vention und Kreditrisikominderung.<\/p><p><strong><b>Deine Rechte<\/b><\/strong><\/p><p>Die\u00a0 Website\u00a0<b><strong>von MAXCELLENCE<\/strong><\/b>\u00a0\u00a0enth\u00e4lt Links zu anderen Websites.\u00a0Wenn Sie einem Link zu einer dieser Websites folgen, beachten Sie bitte, dass diese Websites ihre eigenen Datenschutzrichtlinien haben und dass wir keine Verantwortung oder Haftung f\u00fcr diese Richtlinien \u00fcbernehmen.\u00a0Bitte \u00fcberpr\u00fcfen Sie diese Richtlinien, bevor Sie personenbezogene Daten an diese Websites \u00fcbermitteln.<\/p><h3><b><strong>Kontakt:<\/strong><\/b><\/h3><p><span class=\"VIpgJd-yAWNEb-VIpgJd-fmcmS-sn54Q\">Fragen, Kommentare und W\u00fcnsche zu dieser Datenschutzrichtlinie sind willkommen und sollten an\u00a0<\/span><a href=\"mailto:info@maxcellence.swiss\"><span class=\"VIpgJd-yAWNEb-VIpgJd-fmcmS-sn54Q\">info@maxcellence.swiss gerichtet werden<\/span><\/a><\/p>\t\t\t\t\t\t\t\t<\/div>\n\t\t\t\t<\/div>\n\t\t\t\t\t<\/div>\n\t\t\t\t<\/div>\n\t\t\t\t<\/div>\n\t\t","protected":false},"excerpt":{"rendered":"<p>Datenschutzrichtlinie Vielen Dank f\u00fcr Ihren Besuch auf unserer Website.\u00a0Die MAXCELLENCE\u00a0\u00a0Security Strategies GmbH\u00a0\u00a0verpflichtet sich, Ihre Privatsph\u00e4re zu sch\u00fctzen und zu respektieren.\u00a0In unserer Datenschutzrichtlinie wird erl\u00e4utert, wie die von Ihnen erfassten oder an\u00a0\u00a0MAXCELLENCE\u00a0\u00fcbermittelten personenbezogenen Daten von uns verarbeitet werden. Bitte lesen Sie das Folgende sorgf\u00e4ltig durch, um unsere Vorgehensweise in Bezug auf Ihre personenbezogenen Daten und den [&hellip;]<\/p>\n","protected":false},"author":2,"featured_media":0,"parent":0,"menu_order":0,"comment_status":"closed","ping_status":"closed","template":"elementor_header_footer","meta":{"_acf_changed":false,"site-sidebar-layout":"no-sidebar","site-content-layout":"","ast-site-content-layout":"full-width-container","site-content-style":"default","site-sidebar-style":"default","ast-global-header-display":"","ast-banner-title-visibility":"","ast-main-header-display":"","ast-hfb-above-header-display":"","ast-hfb-below-header-display":"","ast-hfb-mobile-header-display":"","site-post-title":"disabled","ast-breadcrumbs-content":"","ast-featured-img":"disabled","footer-sml-layout":"","ast-disable-related-posts":"","theme-transparent-header-meta":"default","adv-header-id-meta":"","stick-header-meta":"","header-above-stick-meta":"","header-main-stick-meta":"","header-below-stick-meta":"","astra-migrate-meta-layouts":"set","ast-page-background-enabled":"default","ast-page-background-meta":{"desktop":{"background-color":"var(--ast-global-color-4)","background-image":"","background-repeat":"repeat","background-position":"center center","background-size":"auto","background-attachment":"scroll","background-type":"","background-media":"","overlay-type":"","overlay-color":"","overlay-opacity":"","overlay-gradient":""},"tablet":{"background-color":"","background-image":"","background-repeat":"repeat","background-position":"center center","background-size":"auto","background-attachment":"scroll","background-type":"","background-media":"","overlay-type":"","overlay-color":"","overlay-opacity":"","overlay-gradient":""},"mobile":{"background-color":"","background-image":"","background-repeat":"repeat","background-position":"center center","background-size":"auto","background-attachment":"scroll","background-type":"","background-media":"","overlay-type":"","overlay-color":"","overlay-opacity":"","overlay-gradient":""}},"ast-content-background-meta":{"desktop":{"background-color":"var(--ast-global-color-5)","background-image":"","background-repeat":"repeat","background-position":"center center","background-size":"auto","background-attachment":"scroll","background-type":"","background-media":"","overlay-type":"","overlay-color":"","overlay-opacity":"","overlay-gradient":""},"tablet":{"background-color":"var(--ast-global-color-5)","background-image":"","background-repeat":"repeat","background-position":"center center","background-size":"auto","background-attachment":"scroll","background-type":"","background-media":"","overlay-type":"","overlay-color":"","overlay-opacity":"","overlay-gradient":""},"mobile":{"background-color":"var(--ast-global-color-5)","background-image":"","background-repeat":"repeat","background-position":"center center","background-size":"auto","background-attachment":"scroll","background-type":"","background-media":"","overlay-type":"","overlay-color":"","overlay-opacity":"","overlay-gradient":""}},"footnotes":""},"class_list":["post-2832","page","type-page","status-publish","hentry"],"acf":[],"lang":"de","translations":{"de":2832,"en":3},"pll_sync_post":[],"_links":{"self":[{"href":"https:\/\/maxcellence.swiss\/index.php?rest_route=\/wp\/v2\/pages\/2832","targetHints":{"allow":["GET"]}}],"collection":[{"href":"https:\/\/maxcellence.swiss\/index.php?rest_route=\/wp\/v2\/pages"}],"about":[{"href":"https:\/\/maxcellence.swiss\/index.php?rest_route=\/wp\/v2\/types\/page"}],"author":[{"embeddable":true,"href":"https:\/\/maxcellence.swiss\/index.php?rest_route=\/wp\/v2\/users\/2"}],"replies":[{"embeddable":true,"href":"https:\/\/maxcellence.swiss\/index.php?rest_route=%2Fwp%2Fv2%2Fcomments&post=2832"}],"version-history":[{"count":7,"href":"https:\/\/maxcellence.swiss\/index.php?rest_route=\/wp\/v2\/pages\/2832\/revisions"}],"predecessor-version":[{"id":3552,"href":"https:\/\/maxcellence.swiss\/index.php?rest_route=\/wp\/v2\/pages\/2832\/revisions\/3552"}],"wp:attachment":[{"href":"https:\/\/maxcellence.swiss\/index.php?rest_route=%2Fwp%2Fv2%2Fmedia&parent=2832"}],"curies":[{"name":"wp","href":"https:\/\/api.w.org\/{rel}","templated":true}]}}