{"id":2840,"date":"2023-10-23T05:52:08","date_gmt":"2023-10-23T05:52:08","guid":{"rendered":"https:\/\/maxcellence.swiss\/?page_id=2840"},"modified":"2023-12-29T05:10:44","modified_gmt":"2023-12-29T05:10:44","slug":"code-of-conduct-2","status":"publish","type":"page","link":"https:\/\/maxcellence.swiss\/?page_id=2840&lang=de","title":{"rendered":"Code of Conduct"},"content":{"rendered":"\t\t<div data-elementor-type=\"wp-page\" data-elementor-id=\"2840\" class=\"elementor elementor-2840\" data-elementor-post-type=\"page\">\n\t\t\t\t<div class=\"elementor-element elementor-element-641e298 e-flex e-con-boxed e-con e-parent\" data-id=\"641e298\" data-element_type=\"container\" data-e-type=\"container\">\n\t\t\t\t\t<div class=\"e-con-inner\">\n\t\t\t\t<div class=\"elementor-element elementor-element-2d08f18 elementor-widget elementor-widget-image\" data-id=\"2d08f18\" data-element_type=\"widget\" data-e-type=\"widget\" data-widget_type=\"image.default\">\n\t\t\t\t<div class=\"elementor-widget-container\">\n\t\t\t\t\t\t\t\t\t\t\t\t\t\t\t<img fetchpriority=\"high\" decoding=\"async\" width=\"604\" height=\"172\" src=\"https:\/\/maxcellence.swiss\/wp-content\/uploads\/2023\/10\/image-14.webp\" class=\"attachment-full size-full wp-image-1109\" alt=\"\" srcset=\"https:\/\/maxcellence.swiss\/wp-content\/uploads\/2023\/10\/image-14.webp 604w, https:\/\/maxcellence.swiss\/wp-content\/uploads\/2023\/10\/image-14-300x85.webp 300w\" sizes=\"(max-width: 604px) 100vw, 604px\" \/>\t\t\t\t\t\t\t\t\t\t\t\t\t\t\t<\/div>\n\t\t\t\t<\/div>\n\t\t\t\t<div class=\"elementor-element elementor-element-f0e7281 elementor-widget-divider--view-line elementor-widget elementor-widget-divider\" data-id=\"f0e7281\" data-element_type=\"widget\" data-e-type=\"widget\" data-widget_type=\"divider.default\">\n\t\t\t\t<div class=\"elementor-widget-container\">\n\t\t\t\t\t\t\t<div class=\"elementor-divider\">\n\t\t\t<span class=\"elementor-divider-separator\">\n\t\t\t\t\t\t<\/span>\n\t\t<\/div>\n\t\t\t\t\t\t<\/div>\n\t\t\t\t<\/div>\n\t\t\t\t<div class=\"elementor-element elementor-element-5c002e6 elementor-widget elementor-widget-text-editor\" data-id=\"5c002e6\" data-element_type=\"widget\" data-e-type=\"widget\" data-widget_type=\"text-editor.default\">\n\t\t\t\t<div class=\"elementor-widget-container\">\n\t\t\t\t\t\t\t\t\t<h3><strong><span><span class=\"\">Internationaler Verhaltenskodex f\u00fcr private Sicherheitsdienstleister<\/span><\/span><\/strong><\/h3><p><span>Der \u201eInternational Code of Conduct for Private Security Providers\u201c (ICoC) ist eine Multi-Stakeholder-Initiative der Schweizer Regierung.\u00a0Ziel ist es, Grunds\u00e4tze und Standards f\u00fcr die private Sicherheitsbranche festzulegen, die auf den internationalen Menschenrechten und dem humanit\u00e4ren Recht basieren, und die Rechenschaftspflicht der Branche durch die Einrichtung eines externen unabh\u00e4ngigen Aufsichtsmechanismus zu verbessern.\u00a0Der Kodex sieht zumindest vor, dass der Mechanismus Zertifizierung, Pr\u00fcfung, \u00dcberwachung und Berichterstattung umfassen soll.\u00a0Ein Lenkungsausschuss trifft sich regelm\u00e4\u00dfig, um einen Vorschlag f\u00fcr diesen Mechanismus zu erarbeiten.\u00a0Der Lenkungsausschuss besteht aus Vertretern von drei Interessengruppen: Unterzeichnerunternehmen, Regierungen und Zivilgesellschaft und ist bei seiner Arbeit umfassend beratend t\u00e4tig.<\/span><\/p><p><span>Durch die Unterzeichnung des ICoC verpflichten sich die unterzeichnenden Unternehmen \u00f6ffentlich dazu, im Einklang mit dem Kodex zu handeln und mit relevanten Interessengruppen zusammenzuarbeiten, um diesen Mechanismus und die damit verbundenen Standards als Industriestandard zu etablieren.<\/span><\/p><p><span>Die MAXCELLENCE Security Strategies GmbH bekr\u00e4ftigt, unterst\u00fctzt und bekennt sich aktiv zu den im \u201eInternational Code of Conduct for Private Security Service Providers\u201c dargelegten Grunds\u00e4tzen wie folgt.<\/span><\/p><p><span><span class=\"VIpgJd-yAWNEb-VIpgJd-fmcmS-sn54Q\">Heinrich Schneider<\/span><\/span><br \/><span><span class=\"VIpgJd-yAWNEb-VIpgJd-fmcmS-sn54Q\">Direktor<\/span><\/span><br \/><span><span class=\"VIpgJd-yAWNEb-VIpgJd-fmcmS-sn54Q\">1. Januar 2015<\/span><\/span><\/p>\t\t\t\t\t\t\t\t<\/div>\n\t\t\t\t<\/div>\n\t\t\t\t\t<\/div>\n\t\t\t\t<\/div>\n\t\t<div class=\"elementor-element elementor-element-a18b2a3 e-flex e-con-boxed e-con e-parent\" data-id=\"a18b2a3\" data-element_type=\"container\" data-e-type=\"container\">\n\t\t\t\t\t<div class=\"e-con-inner\">\n\t\t\t\t<div class=\"elementor-element elementor-element-2b45c66 elementor-widget-divider--view-line_text elementor-widget-divider--element-align-center elementor-widget elementor-widget-divider\" data-id=\"2b45c66\" data-element_type=\"widget\" data-e-type=\"widget\" data-widget_type=\"divider.default\">\n\t\t\t\t<div class=\"elementor-widget-container\">\n\t\t\t\t\t\t\t<div class=\"elementor-divider\">\n\t\t\t<span class=\"elementor-divider-separator\">\n\t\t\t\t\t\t\t<span class=\"elementor-divider__text elementor-divider__element\">\n\t\t\t\tVerhaltenskodex\t\t\t\t<\/span>\n\t\t\t\t\t\t<\/span>\n\t\t<\/div>\n\t\t\t\t\t\t<\/div>\n\t\t\t\t<\/div>\n\t\t\t\t\t<\/div>\n\t\t\t\t<\/div>\n\t\t<div class=\"elementor-element elementor-element-06d32df e-flex e-con-boxed e-con e-parent\" data-id=\"06d32df\" data-element_type=\"container\" data-e-type=\"container\">\n\t\t\t\t\t<div class=\"e-con-inner\">\n\t\t\t\t<div class=\"elementor-element elementor-element-44323ff elementor-widget-divider--view-line elementor-widget elementor-widget-divider\" data-id=\"44323ff\" data-element_type=\"widget\" data-e-type=\"widget\" data-widget_type=\"divider.default\">\n\t\t\t\t<div class=\"elementor-widget-container\">\n\t\t\t\t\t\t\t<div class=\"elementor-divider\">\n\t\t\t<span class=\"elementor-divider-separator\">\n\t\t\t\t\t\t<\/span>\n\t\t<\/div>\n\t\t\t\t\t\t<\/div>\n\t\t\t\t<\/div>\n\t\t\t\t\t<\/div>\n\t\t\t\t<\/div>\n\t\t<div class=\"elementor-element elementor-element-d472d32 e-flex e-con-boxed e-con e-parent\" data-id=\"d472d32\" data-element_type=\"container\" data-e-type=\"container\">\n\t\t\t\t\t<div class=\"e-con-inner\">\n\t\t<div class=\"elementor-element elementor-element-b2e081a e-flex e-con-boxed e-con e-child\" data-id=\"b2e081a\" data-element_type=\"container\" data-e-type=\"container\">\n\t\t\t\t\t<div class=\"e-con-inner\">\n\t\t\t\t<div class=\"elementor-element elementor-element-0008130 elementor-widget elementor-widget-heading\" data-id=\"0008130\" data-element_type=\"widget\" data-e-type=\"widget\" data-widget_type=\"heading.default\">\n\t\t\t\t<div class=\"elementor-widget-container\">\n\t\t\t\t\t<p class=\"elementor-heading-title elementor-size-default\">Mit Maxcellence erhalten Sie Leistungen, die vollst\u00e4ndig im Rahmen gesetzlicher Vorschriften, verfassungsrechtlicher Grunds\u00e4tze und anerkannter Standards liegen.<\/p>\t\t\t\t<\/div>\n\t\t\t\t<\/div>\n\t\t\t\t\t<\/div>\n\t\t\t\t<\/div>\n\t\t<div class=\"elementor-element elementor-element-4ec8e8f e-flex e-con-boxed e-con e-child\" data-id=\"4ec8e8f\" data-element_type=\"container\" data-e-type=\"container\">\n\t\t\t\t\t<div class=\"e-con-inner\">\n\t\t\t\t<div class=\"elementor-element elementor-element-31f4d13 elementor-widget elementor-widget-button\" data-id=\"31f4d13\" data-element_type=\"widget\" data-e-type=\"widget\" data-widget_type=\"button.default\">\n\t\t\t\t<div class=\"elementor-widget-container\">\n\t\t\t\t\t\t\t\t\t<div class=\"elementor-button-wrapper\">\n\t\t\t\t\t<a class=\"elementor-button elementor-button-link elementor-size-lg\" href=\"https:\/\/www.dropbox.com\/s\/1apgcr5z6x08dki\/Maxcellence%20Code%20of%20Conduct%20incl%20ICoC.pdf?dl=0\" target=\"_blank\">\n\t\t\t\t\t\t<span class=\"elementor-button-content-wrapper\">\n\t\t\t\t\t\t<span class=\"elementor-button-icon\">\n\t\t\t\t<i aria-hidden=\"true\" class=\"fab fa-dropbox\"><\/i>\t\t\t<\/span>\n\t\t\t\t\t\t\t\t\t<span class=\"elementor-button-text\"> Verhaltenskodex<\/span>\n\t\t\t\t\t<\/span>\n\t\t\t\t\t<\/a>\n\t\t\t\t<\/div>\n\t\t\t\t\t\t\t\t<\/div>\n\t\t\t\t<\/div>\n\t\t\t\t\t<\/div>\n\t\t\t\t<\/div>\n\t\t\t\t\t<\/div>\n\t\t\t\t<\/div>\n\t\t\t\t<\/div>\n\t\t","protected":false},"excerpt":{"rendered":"<p>Internationaler Verhaltenskodex f\u00fcr private Sicherheitsdienstleister Der \u201eInternational Code of Conduct for Private Security Providers\u201c (ICoC) ist eine Multi-Stakeholder-Initiative der Schweizer Regierung.\u00a0Ziel ist es, Grunds\u00e4tze und Standards f\u00fcr die private Sicherheitsbranche festzulegen, die auf den internationalen Menschenrechten und dem humanit\u00e4ren Recht basieren, und die Rechenschaftspflicht der Branche durch die Einrichtung eines externen unabh\u00e4ngigen Aufsichtsmechanismus zu verbessern.\u00a0Der [&hellip;]<\/p>\n","protected":false},"author":2,"featured_media":0,"parent":0,"menu_order":0,"comment_status":"closed","ping_status":"closed","template":"","meta":{"_acf_changed":false,"site-sidebar-layout":"no-sidebar","site-content-layout":"","ast-site-content-layout":"full-width-container","site-content-style":"default","site-sidebar-style":"default","ast-global-header-display":"","ast-banner-title-visibility":"","ast-main-header-display":"","ast-hfb-above-header-display":"","ast-hfb-below-header-display":"","ast-hfb-mobile-header-display":"","site-post-title":"disabled","ast-breadcrumbs-content":"","ast-featured-img":"disabled","footer-sml-layout":"","ast-disable-related-posts":"","theme-transparent-header-meta":"default","adv-header-id-meta":"","stick-header-meta":"","header-above-stick-meta":"","header-main-stick-meta":"","header-below-stick-meta":"","astra-migrate-meta-layouts":"set","ast-page-background-enabled":"default","ast-page-background-meta":{"desktop":{"background-color":"var(--ast-global-color-4)","background-image":"","background-repeat":"repeat","background-position":"center center","background-size":"auto","background-attachment":"scroll","background-type":"","background-media":"","overlay-type":"","overlay-color":"","overlay-opacity":"","overlay-gradient":""},"tablet":{"background-color":"","background-image":"","background-repeat":"repeat","background-position":"center center","background-size":"auto","background-attachment":"scroll","background-type":"","background-media":"","overlay-type":"","overlay-color":"","overlay-opacity":"","overlay-gradient":""},"mobile":{"background-color":"","background-image":"","background-repeat":"repeat","background-position":"center center","background-size":"auto","background-attachment":"scroll","background-type":"","background-media":"","overlay-type":"","overlay-color":"","overlay-opacity":"","overlay-gradient":""}},"ast-content-background-meta":{"desktop":{"background-color":"var(--ast-global-color-5)","background-image":"","background-repeat":"repeat","background-position":"center center","background-size":"auto","background-attachment":"scroll","background-type":"","background-media":"","overlay-type":"","overlay-color":"","overlay-opacity":"","overlay-gradient":""},"tablet":{"background-color":"var(--ast-global-color-5)","background-image":"","background-repeat":"repeat","background-position":"center center","background-size":"auto","background-attachment":"scroll","background-type":"","background-media":"","overlay-type":"","overlay-color":"","overlay-opacity":"","overlay-gradient":""},"mobile":{"background-color":"var(--ast-global-color-5)","background-image":"","background-repeat":"repeat","background-position":"center center","background-size":"auto","background-attachment":"scroll","background-type":"","background-media":"","overlay-type":"","overlay-color":"","overlay-opacity":"","overlay-gradient":""}},"footnotes":""},"class_list":["post-2840","page","type-page","status-publish","hentry"],"acf":[],"lang":"de","translations":{"de":2840,"en":10},"pll_sync_post":[],"_links":{"self":[{"href":"https:\/\/maxcellence.swiss\/index.php?rest_route=\/wp\/v2\/pages\/2840","targetHints":{"allow":["GET"]}}],"collection":[{"href":"https:\/\/maxcellence.swiss\/index.php?rest_route=\/wp\/v2\/pages"}],"about":[{"href":"https:\/\/maxcellence.swiss\/index.php?rest_route=\/wp\/v2\/types\/page"}],"author":[{"embeddable":true,"href":"https:\/\/maxcellence.swiss\/index.php?rest_route=\/wp\/v2\/users\/2"}],"replies":[{"embeddable":true,"href":"https:\/\/maxcellence.swiss\/index.php?rest_route=%2Fwp%2Fv2%2Fcomments&post=2840"}],"version-history":[{"count":7,"href":"https:\/\/maxcellence.swiss\/index.php?rest_route=\/wp\/v2\/pages\/2840\/revisions"}],"predecessor-version":[{"id":2850,"href":"https:\/\/maxcellence.swiss\/index.php?rest_route=\/wp\/v2\/pages\/2840\/revisions\/2850"}],"wp:attachment":[{"href":"https:\/\/maxcellence.swiss\/index.php?rest_route=%2Fwp%2Fv2%2Fmedia&parent=2840"}],"curies":[{"name":"wp","href":"https:\/\/api.w.org\/{rel}","templated":true}]}}