{"id":2851,"date":"2023-10-23T05:52:19","date_gmt":"2023-10-23T05:52:19","guid":{"rendered":"https:\/\/maxcellence.swiss\/?page_id=2851"},"modified":"2024-04-25T11:31:30","modified_gmt":"2024-04-25T11:31:30","slug":"terms-of-use-2","status":"publish","type":"page","link":"https:\/\/maxcellence.swiss\/?page_id=2851&lang=de","title":{"rendered":"Terms of Use"},"content":{"rendered":"\t\t<div data-elementor-type=\"wp-page\" data-elementor-id=\"2851\" class=\"elementor elementor-2851\" data-elementor-post-type=\"page\">\n\t\t\t\t<div class=\"elementor-element elementor-element-dda25bc e-flex e-con-boxed e-con e-parent\" data-id=\"dda25bc\" data-element_type=\"container\" data-e-type=\"container\" data-settings=\"{&quot;background_background&quot;:&quot;classic&quot;}\">\n\t\t\t\t\t<div class=\"e-con-inner\">\n\t\t\t\t<div class=\"elementor-element elementor-element-a163fa5 elementor-widget elementor-widget-heading\" data-id=\"a163fa5\" data-element_type=\"widget\" data-e-type=\"widget\" data-widget_type=\"heading.default\">\n\t\t\t\t<div class=\"elementor-widget-container\">\n\t\t\t\t\t<h2 class=\"elementor-heading-title elementor-size-default\">Nutzungsbedingungen<\/h2>\t\t\t\t<\/div>\n\t\t\t\t<\/div>\n\t\t\t\t\t<\/div>\n\t\t\t\t<\/div>\n\t\t<div class=\"elementor-element elementor-element-ef5d866 e-flex e-con-boxed e-con e-parent\" data-id=\"ef5d866\" data-element_type=\"container\" data-e-type=\"container\">\n\t\t\t\t\t<div class=\"e-con-inner\">\n\t\t\t\t<div class=\"elementor-element elementor-element-e3f5731 elementor-widget elementor-widget-text-editor\" data-id=\"e3f5731\" data-element_type=\"widget\" data-e-type=\"widget\" data-widget_type=\"text-editor.default\">\n\t\t\t\t<div class=\"elementor-widget-container\">\n\t\t\t\t\t\t\t\t\t<p>Das auf dieser Website enthaltene Material wurde zu dem Zweck erstellt, Informationen \u00fcber\u00a0\u00a0<b><strong>die MAXCELLENCE Security Strategies GmbH<\/strong><\/b>\u00a0\u00a0und die von uns angebotenen Dienstleistungen bereitzustellen.<\/p><p>Obwohl\u00a0\u00a0<b><strong>MAXCELLENCE<\/strong><\/b>\u00a0\u00a0den Inhalt der Website mit angemessener Sorgfalt zusammengestellt hat, \u00fcbernimmt das Unternehmen keine Garantie (ausdr\u00fccklich oder stillschweigend) f\u00fcr die Richtigkeit oder Vollst\u00e4ndigkeit von Informationen auf der Website oder von Dritten, auf die \u00fcber einen Link auf der Website verwiesen wird.<\/p><p><b><strong>Durch den Zugriff auf diese Website erkl\u00e4ren Sie sich damit einverstanden, dass MAXCELLENCE<\/strong><\/b>\u00a0im gesetzlich zul\u00e4ssigen Umfang in\u00a0\u00a0\u00a0keinem Fall f\u00fcr Sch\u00e4den jeglicher Art (einschlie\u00dflich besonderer, indirekter oder Folgesch\u00e4den) haftet, sei es im Rahmen einer vertraglichen oder unerlaubten Handlung, die sich aus oder ergibt in Verbindung mit:<\/p><p>\u00a0 \u00a0 \u00a0 \u00a0 (a) die Informationen auf der Website oder ver\u00f6ffentlicht von Dritten, auf die durch einen Link von der Website aus verwiesen wird, und<\/p><p>\u00a0\u00a0 \u00a0 \u00a0 (b) die Leistung oder Nichtleistung der Website selbst.<\/p><p>Die Erbringung von Dienstleistungen durch\u00a0\u00a0<b><strong>MAXCELLENCE<\/strong><\/b>\u00a0\u00a0unterliegt unserem Verhaltenskodex und den Standardvertragsbedingungen f\u00fcr solche Dienstleistungen.<\/p><p>Das Programmkonzept bleibt Eigentum von\u00a0\u00a0<b><strong>MAXCELLENCE<\/strong><\/b>\u00a0.\u00a0Die verwendeten Ressourcenmaterialien sind gemeinfrei und\/oder urheberrechtsfrei.\u00a0Jegliches urheberrechtlich gesch\u00fctzte Material wurde mit Zustimmung des Eigent\u00fcmers verwendet oder aufgrund des nutzungsspezifischen und nichtkommerziellen Charakters des Ressourcenbereichs vorausgesetzt.<\/p><p><b><strong>Von MAXCELLENCE<\/strong><\/b>\u00a0und seinen verbundenen Personen verfasstes und gestaltetes Ressourcenmaterial\u00a0\u00a0\u00a0kann \u2013 obwohl es geistigem Eigentum unterliegt \u2013 als Public Domain f\u00fcr nicht-kommerzielle Bildungszwecke betrachtet werden, sofern dem Autor die geb\u00fchrende Nennung und Anerkennung gegeben wird.<\/p><p>Diese Website selbst ist urheberrechtlich gesch\u00fctzt und geh\u00f6rt der\u00a0\u00a0<strong><b>MAXCELLENCE\u00a0<\/b>\u00a0<\/strong><b><strong>Security Strategies GmbH<\/strong><\/b>\u00a0.\u00a0<b><strong>Ohne die vorherige schriftliche Zustimmung von MAXCELLENCE<\/strong><\/b>\u00a0d\u00fcrfen Sie den Text oder die Grafiken der Website nicht anpassen, \u00e4ndern oder wiederverwenden\u00a0\u00a0.<\/p><h3><strong>Kontakt:<\/strong><\/h3><p>Fragen und Kommentare zu\u00a0\u00a0den Nutzungsbedingungen von\u00a0<b><strong>MAXCELLENCE<\/strong><\/b><a href=\"mailto:info@maxcellence.swiss\"> sind willkommen und sollten an folgende Adresse gerichtet werden: info@maxcellence.swiss<\/a><\/p>\t\t\t\t\t\t\t\t<\/div>\n\t\t\t\t<\/div>\n\t\t\t\t\t<\/div>\n\t\t\t\t<\/div>\n\t\t\t\t<\/div>\n\t\t","protected":false},"excerpt":{"rendered":"<p>Nutzungsbedingungen Das auf dieser Website enthaltene Material wurde zu dem Zweck erstellt, Informationen \u00fcber\u00a0\u00a0die MAXCELLENCE Security Strategies GmbH\u00a0\u00a0und die von uns angebotenen Dienstleistungen bereitzustellen. Obwohl\u00a0\u00a0MAXCELLENCE\u00a0\u00a0den Inhalt der Website mit angemessener Sorgfalt zusammengestellt hat, \u00fcbernimmt das Unternehmen keine Garantie (ausdr\u00fccklich oder stillschweigend) f\u00fcr die Richtigkeit oder Vollst\u00e4ndigkeit von Informationen auf der Website oder von Dritten, auf [&hellip;]<\/p>\n","protected":false},"author":2,"featured_media":0,"parent":0,"menu_order":0,"comment_status":"closed","ping_status":"closed","template":"elementor_header_footer","meta":{"_acf_changed":false,"site-sidebar-layout":"no-sidebar","site-content-layout":"","ast-site-content-layout":"full-width-container","site-content-style":"default","site-sidebar-style":"default","ast-global-header-display":"","ast-banner-title-visibility":"","ast-main-header-display":"","ast-hfb-above-header-display":"","ast-hfb-below-header-display":"","ast-hfb-mobile-header-display":"","site-post-title":"disabled","ast-breadcrumbs-content":"","ast-featured-img":"disabled","footer-sml-layout":"","ast-disable-related-posts":"","theme-transparent-header-meta":"default","adv-header-id-meta":"","stick-header-meta":"","header-above-stick-meta":"","header-main-stick-meta":"","header-below-stick-meta":"","astra-migrate-meta-layouts":"set","ast-page-background-enabled":"default","ast-page-background-meta":{"desktop":{"background-color":"var(--ast-global-color-4)","background-image":"","background-repeat":"repeat","background-position":"center center","background-size":"auto","background-attachment":"scroll","background-type":"","background-media":"","overlay-type":"","overlay-color":"","overlay-opacity":"","overlay-gradient":""},"tablet":{"background-color":"","background-image":"","background-repeat":"repeat","background-position":"center center","background-size":"auto","background-attachment":"scroll","background-type":"","background-media":"","overlay-type":"","overlay-color":"","overlay-opacity":"","overlay-gradient":""},"mobile":{"background-color":"","background-image":"","background-repeat":"repeat","background-position":"center center","background-size":"auto","background-attachment":"scroll","background-type":"","background-media":"","overlay-type":"","overlay-color":"","overlay-opacity":"","overlay-gradient":""}},"ast-content-background-meta":{"desktop":{"background-color":"var(--ast-global-color-5)","background-image":"","background-repeat":"repeat","background-position":"center center","background-size":"auto","background-attachment":"scroll","background-type":"","background-media":"","overlay-type":"","overlay-color":"","overlay-opacity":"","overlay-gradient":""},"tablet":{"background-color":"var(--ast-global-color-5)","background-image":"","background-repeat":"repeat","background-position":"center center","background-size":"auto","background-attachment":"scroll","background-type":"","background-media":"","overlay-type":"","overlay-color":"","overlay-opacity":"","overlay-gradient":""},"mobile":{"background-color":"var(--ast-global-color-5)","background-image":"","background-repeat":"repeat","background-position":"center center","background-size":"auto","background-attachment":"scroll","background-type":"","background-media":"","overlay-type":"","overlay-color":"","overlay-opacity":"","overlay-gradient":""}},"footnotes":""},"class_list":["post-2851","page","type-page","status-publish","hentry"],"acf":[],"lang":"de","translations":{"de":2851,"en":12},"pll_sync_post":[],"_links":{"self":[{"href":"https:\/\/maxcellence.swiss\/index.php?rest_route=\/wp\/v2\/pages\/2851","targetHints":{"allow":["GET"]}}],"collection":[{"href":"https:\/\/maxcellence.swiss\/index.php?rest_route=\/wp\/v2\/pages"}],"about":[{"href":"https:\/\/maxcellence.swiss\/index.php?rest_route=\/wp\/v2\/types\/page"}],"author":[{"embeddable":true,"href":"https:\/\/maxcellence.swiss\/index.php?rest_route=\/wp\/v2\/users\/2"}],"replies":[{"embeddable":true,"href":"https:\/\/maxcellence.swiss\/index.php?rest_route=%2Fwp%2Fv2%2Fcomments&post=2851"}],"version-history":[{"count":10,"href":"https:\/\/maxcellence.swiss\/index.php?rest_route=\/wp\/v2\/pages\/2851\/revisions"}],"predecessor-version":[{"id":3543,"href":"https:\/\/maxcellence.swiss\/index.php?rest_route=\/wp\/v2\/pages\/2851\/revisions\/3543"}],"wp:attachment":[{"href":"https:\/\/maxcellence.swiss\/index.php?rest_route=%2Fwp%2Fv2%2Fmedia&parent=2851"}],"curies":[{"name":"wp","href":"https:\/\/api.w.org\/{rel}","templated":true}]}}